{"id":6494,"date":"2026-02-04T15:23:39","date_gmt":"2026-02-04T14:23:39","guid":{"rendered":"https:\/\/suryaayurveda.hu\/keshyabhyanga-ayurvedic-head-spa\/"},"modified":"2026-03-13T20:47:38","modified_gmt":"2026-03-13T19:47:38","slug":"keshyabhyanga-ayurvedic-head-spa","status":"publish","type":"page","link":"https:\/\/suryaayurveda.hu\/en\/keshyabhyanga-ayurvedic-head-spa\/","title":{"rendered":"Keshyabhyanga &#8211; Ayurv\u00e9dikus haj \u00e9s fejb\u0151r massz\u00e1zs"},"content":{"rendered":"\t\t<div data-elementor-type=\"wp-page\" data-elementor-id=\"6494\" class=\"elementor elementor-6494 elementor-6350\" data-elementor-post-type=\"page\">\n\t\t\t\t<div class=\"elementor-element elementor-element-2e88c40 e-flex e-con-boxed e-con e-parent\" data-id=\"2e88c40\" data-element_type=\"container\" data-e-type=\"container\" data-settings=\"{&quot;background_background&quot;:&quot;classic&quot;}\">\n\t\t\t\t\t<div class=\"e-con-inner\">\n\t\t<div class=\"elementor-element elementor-element-f7f99f7 e-con-full e-flex e-con e-child\" data-id=\"f7f99f7\" data-element_type=\"container\" data-e-type=\"container\">\n\t\t\t\t<div class=\"elementor-element elementor-element-d40cdda elementor-widget elementor-widget-heading\" data-id=\"d40cdda\" data-element_type=\"widget\" data-e-type=\"widget\" data-widget_type=\"heading.default\">\n\t\t\t\t<div class=\"elementor-widget-container\">\n\t\t\t\t\t<h1 class=\"elementor-heading-title elementor-size-default\">Keshyabhyanga<br>Traditional Ayurvedic Hair and Scalp Therapy<\/h1>\t\t\t\t<\/div>\n\t\t\t\t<\/div>\n\t\t\t\t<div class=\"elementor-element elementor-element-dfe4f78 elementor-widget elementor-widget-text-editor\" data-id=\"dfe4f78\" data-element_type=\"widget\" data-e-type=\"widget\" data-widget_type=\"text-editor.default\">\n\t\t\t\t<div class=\"elementor-widget-container\">\n\t\t\t\t\t\t\t\t\t<p data-path-to-node=\"3\"> Keshyabhyanga is more than simple pampering: it is ancient Indian wisdom\u2019s response to modern challenges such as stress, hair loss, and mental fatigue. During the Ayurvedic Head Spa ritual, the scalp, hair, and nervous system receive deep, holistic nourishment at the same time. <\/p>\t\t\t\t\t\t\t\t<\/div>\n\t\t\t\t<\/div>\n\t\t\t\t<div class=\"elementor-element elementor-element-4376111 elementor-widget elementor-widget-text-editor\" data-id=\"4376111\" data-element_type=\"widget\" data-e-type=\"widget\" data-widget_type=\"text-editor.default\">\n\t\t\t\t<div class=\"elementor-widget-container\">\n\t\t\t\t\t\t\t\t\t<p>40 min 13.000 Ft<\/p>\t\t\t\t\t\t\t\t<\/div>\n\t\t\t\t<\/div>\n\t\t\t\t<div class=\"elementor-element elementor-element-3dcef92 elementor-tablet-align-center elementor-widget elementor-widget-button\" data-id=\"3dcef92\" data-element_type=\"widget\" data-e-type=\"widget\" data-widget_type=\"button.default\">\n\t\t\t\t<div class=\"elementor-widget-container\">\n\t\t\t\t\t\t\t\t\t<div class=\"elementor-button-wrapper\">\n\t\t\t\t\t<a class=\"elementor-button elementor-button-link elementor-size-sm\" href=\"https:\/\/suryaayurveda.hu\/en\/surya-ayurveda-massage-and-therapy-salons-online-appointment-booking\/\" target=\"_blank\">\n\t\t\t\t\t\t<span class=\"elementor-button-content-wrapper\">\n\t\t\t\t\t\t\t\t\t<span class=\"elementor-button-text\">Book Online<\/span>\n\t\t\t\t\t<\/span>\n\t\t\t\t\t<\/a>\n\t\t\t\t<\/div>\n\t\t\t\t\t\t\t\t<\/div>\n\t\t\t\t<\/div>\n\t\t\t\t<\/div>\n\t\t<div class=\"elementor-element elementor-element-9f67f0c e-con-full e-flex e-con e-child\" data-id=\"9f67f0c\" data-element_type=\"container\" data-e-type=\"container\">\n\t\t\t\t<div class=\"elementor-element elementor-element-42e4bc0 elementor-widget elementor-widget-image\" data-id=\"42e4bc0\" data-element_type=\"widget\" data-e-type=\"widget\" data-widget_type=\"image.default\">\n\t\t\t\t<div class=\"elementor-widget-container\">\n\t\t\t\t\t\t\t\t\t\t\t\t\t\t\t<img fetchpriority=\"high\" decoding=\"async\" width=\"1080\" height=\"720\" src=\"https:\/\/suryaayurveda.hu\/wp-content\/uploads\/2024\/07\/shiroabhyanga.jpg\" class=\"attachment-full size-full wp-image-5082\" alt=\"Ayurvedic Head Spa \u2013 Hair and Scalp Care | Surya Ayurveda\" srcset=\"https:\/\/suryaayurveda.hu\/wp-content\/uploads\/2024\/07\/shiroabhyanga.jpg 1080w, https:\/\/suryaayurveda.hu\/wp-content\/uploads\/2024\/07\/shiroabhyanga-700x467.jpg 700w, https:\/\/suryaayurveda.hu\/wp-content\/uploads\/2024\/07\/shiroabhyanga-1024x683.jpg 1024w, https:\/\/suryaayurveda.hu\/wp-content\/uploads\/2024\/07\/shiroabhyanga-768x512.jpg 768w\" sizes=\"(max-width: 1080px) 100vw, 1080px\" \/>\t\t\t\t\t\t\t\t\t\t\t\t\t\t\t<\/div>\n\t\t\t\t<\/div>\n\t\t\t\t<\/div>\n\t\t\t\t\t<\/div>\n\t\t\t\t<\/div>\n\t\t<div class=\"elementor-element elementor-element-812617f e-flex e-con-boxed e-con e-parent\" data-id=\"812617f\" data-element_type=\"container\" data-e-type=\"container\" data-settings=\"{&quot;background_background&quot;:&quot;classic&quot;}\">\n\t\t\t\t\t<div class=\"e-con-inner\">\n\t\t\t\t<div class=\"elementor-element elementor-element-b875c7e elementor-widget elementor-widget-text-editor\" data-id=\"b875c7e\" data-element_type=\"widget\" data-e-type=\"widget\" data-widget_type=\"text-editor.default\">\n\t\t\t\t<div class=\"elementor-widget-container\">\n\t\t\t\t\t\t\t\t\t<p data-path-to-node=\"3\">Modern lifestyle factors, environmental stressors, and constant mental tension often show their first effects in the condition of our hair and the health of our scalp. According to Ayurvedic teachings, the head is the \u201cgateway of the body,\u201d where the nervous system and energy channels meet. Keshyabhyanga, the Ayurvedic Head Spa, is not merely a cosmetic hair treatment but a profound therapeutic process that supports both physical and spiritual well-being.  <\/p><h3 data-path-to-node=\"4\">The Philosophy and Science of the Treatment<\/h3><p data-path-to-node=\"5\">The foundation of the Ayurvedic Head Spa lies in a ritual massage performed with warm, herbal-infused oils (Taila). These oils are prepared according to traditional recipes, slowly cooked for many hours with herbs such as Brahmi (known for refreshing the mind), Bhringraj (the \u201cking of hair\u201d), and Amla (a vitamin C powerhouse for hair follicles). Absorbed through the skin, the oil enters the bloodstream, nourishes the nervous system, and helps harmonize the doshas.  <\/p><h3 data-path-to-node=\"5\">What Happens During the Treatment?<\/h3><p data-path-to-node=\"6\">At the heart of the ritual are warm, herbal Ayurvedic oils, which are massaged into the scalp with slow, rhythmic movements. The treatment also includes the neck and shoulder areas, helping to release the physical tension stored there. <\/p><p data-path-to-node=\"7\"><b data-path-to-node=\"7\" data-index-in-node=\"0\">The Main Steps of the Process:<\/b><\/p><ul data-path-to-node=\"8\"><li><p data-path-to-node=\"8,0,0\"><b data-path-to-node=\"8,0,0\" data-index-in-node=\"0\">Personalized Oil Infusion: the use of herbal preparations tailored to your individual constitution (Dosha).<\/b><\/p><\/li><li><p data-path-to-node=\"8,1,0\">Marma Point Stimulation: activating the vital energy points located on the head to support inner balance.<\/p><\/li><li><p data-path-to-node=\"8,2,0\">Hair Structure Renewal: delivering the oil\u2019s valuable active ingredients deep into the hair strands.<\/p><\/li><\/ul><h3 data-path-to-node=\"9\">Why Choose Keshyabhyanga \u2013 Traditional Ayurvedic Hair and Scalp Therapy?<\/h3><ul data-path-to-node=\"10\"><li><p data-path-to-node=\"10,0,0\">Hair Regeneration: stimulates hair follicles, helps prevent premature graying, and reduces hair loss.<\/p><\/li><li><p data-path-to-node=\"10,1,0\">Mental Reset: calms the mind, reduces anxiety, and helps overcome sleep disturbances.<\/p><\/li><li><p data-path-to-node=\"10,2,0\">Natural Radiance: cleanses the scalp without chemicals and leaves the hair vibrant and glossy.<\/p><\/li><li><p data-path-to-node=\"10,3,0\">Physical Relief: provides effective support for chronic headaches and neck stiffness.<\/p><\/li><\/ul><blockquote data-path-to-node=\"11\"><p data-path-to-node=\"11,0\">\u201cBeauty arises from within, but it shines through our hair.\u201d \u2014 Experience the touch of Ayurveda and give your hair the care it truly deserves.<\/p><\/blockquote>\t\t\t\t\t\t\t\t<\/div>\n\t\t\t\t<\/div>\n\t\t<div class=\"elementor-element elementor-element-f8903c2 e-con-full e-flex e-con e-child\" data-id=\"f8903c2\" data-element_type=\"container\" data-e-type=\"container\">\n\t\t\t\t<div class=\"elementor-element elementor-element-2949e81 animated-slow elementor-align-center elementor-invisible elementor-widget elementor-widget-button\" data-id=\"2949e81\" data-element_type=\"widget\" data-e-type=\"widget\" data-settings=\"{&quot;_animation&quot;:&quot;rubberBand&quot;,&quot;_animation_delay&quot;:15}\" data-widget_type=\"button.default\">\n\t\t\t\t<div class=\"elementor-widget-container\">\n\t\t\t\t\t\t\t\t\t<div class=\"elementor-button-wrapper\">\n\t\t\t\t\t<a class=\"elementor-button elementor-button-link elementor-size-sm\" href=\"https:\/\/suryaayurveda.hu\/en\/surya-ayurveda-massage-and-therapy-salons-online-appointment-booking\/\" target=\"_blank\">\n\t\t\t\t\t\t<span class=\"elementor-button-content-wrapper\">\n\t\t\t\t\t\t\t\t\t<span class=\"elementor-button-text\">Book an Appointment<\/span>\n\t\t\t\t\t<\/span>\n\t\t\t\t\t<\/a>\n\t\t\t\t<\/div>\n\t\t\t\t\t\t\t\t<\/div>\n\t\t\t\t<\/div>\n\t\t\t\t<\/div>\n\t\t\t\t\t<\/div>\n\t\t\t\t<\/div>\n\t\t<div class=\"elementor-element elementor-element-7701d51 e-con-full elementor-hidden-mobile elementor-hidden-tablet e-flex e-con e-parent\" data-id=\"7701d51\" data-element_type=\"container\" data-e-type=\"container\" data-settings=\"{&quot;background_background&quot;:&quot;classic&quot;,&quot;shape_divider_top&quot;:&quot;mountains&quot;}\">\n\t\t\t\t<div class=\"elementor-shape elementor-shape-top\" aria-hidden=\"true\" data-negative=\"false\">\n\t\t\t<svg xmlns=\"http:\/\/www.w3.org\/2000\/svg\" viewBox=\"0 0 1000 100\" preserveAspectRatio=\"none\">\n\t<path class=\"elementor-shape-fill\" opacity=\"0.33\" d=\"M473,67.3c-203.9,88.3-263.1-34-320.3,0C66,119.1,0,59.7,0,59.7V0h1000v59.7 c0,0-62.1,26.1-94.9,29.3c-32.8,3.3-62.8-12.3-75.8-22.1C806,49.6,745.3,8.7,694.9,4.7S492.4,59,473,67.3z\"\/>\n\t<path class=\"elementor-shape-fill\" opacity=\"0.66\" d=\"M734,67.3c-45.5,0-77.2-23.2-129.1-39.1c-28.6-8.7-150.3-10.1-254,39.1 s-91.7-34.4-149.2,0C115.7,118.3,0,39.8,0,39.8V0h1000v36.5c0,0-28.2-18.5-92.1-18.5C810.2,18.1,775.7,67.3,734,67.3z\"\/>\n\t<path class=\"elementor-shape-fill\" d=\"M766.1,28.9c-200-57.5-266,65.5-395.1,19.5C242,1.8,242,5.4,184.8,20.6C128,35.8,132.3,44.9,89.9,52.5C28.6,63.7,0,0,0,0 h1000c0,0-9.9,40.9-83.6,48.1S829.6,47,766.1,28.9z\"\/>\n<\/svg>\t\t<\/div>\n\t\t\t\t<\/div>\n\t\t<div class=\"elementor-element elementor-element-159a134 elementor-hidden-tablet elementor-hidden-mobile e-flex e-con-boxed e-con e-parent\" data-id=\"159a134\" data-element_type=\"container\" data-e-type=\"container\" data-settings=\"{&quot;background_background&quot;:&quot;classic&quot;}\">\n\t\t\t\t\t<div class=\"e-con-inner\">\n\t\t<div class=\"elementor-element elementor-element-e038c06 e-con-full e-flex e-con e-child\" data-id=\"e038c06\" data-element_type=\"container\" data-e-type=\"container\">\n\t\t\t\t<div class=\"elementor-element elementor-element-f7c5a40 elementor-widget elementor-widget-heading\" data-id=\"f7c5a40\" data-element_type=\"widget\" data-e-type=\"widget\" data-widget_type=\"heading.default\">\n\t\t\t\t<div class=\"elementor-widget-container\">\n\t\t\t\t\t<h2 class=\"elementor-heading-title elementor-size-default\">Give the Gift of Health\n<\/h2>\t\t\t\t<\/div>\n\t\t\t\t<\/div>\n\t\t\t\t<div class=\"elementor-element elementor-element-4c722eb elementor-widget elementor-widget-text-editor\" data-id=\"4c722eb\" data-element_type=\"widget\" data-e-type=\"widget\" data-widget_type=\"text-editor.default\">\n\t\t\t\t<div class=\"elementor-widget-container\">\n\t\t\t\t\t\t\t\t\t<p>With a Surya Ayurveda Gift Voucher, you can offer your loved ones a unique and heartfelt experience \u2014 helping them relax, restore their health, and find balance in their lives.<\/p>\t\t\t\t\t\t\t\t<\/div>\n\t\t\t\t<\/div>\n\t\t\t\t<div class=\"elementor-element elementor-element-e5b9c0b elementor-widget elementor-widget-text-editor\" data-id=\"e5b9c0b\" data-element_type=\"widget\" data-e-type=\"widget\" data-widget_type=\"text-editor.default\">\n\t\t\t\t<div class=\"elementor-widget-container\">\n\t\t\t\t\t\t\t\t\t<p>Gift voucher can be purchased:<\/p>\t\t\t\t\t\t\t\t<\/div>\n\t\t\t\t<\/div>\n\t\t\t\t<div class=\"elementor-element elementor-element-519321f elementor-position-left elementor-position-left elementor-vertical-align-top elementor-vertical-align-top elementor-widget elementor-widget-image-box\" data-id=\"519321f\" data-element_type=\"widget\" data-e-type=\"widget\" data-widget_type=\"image-box.default\">\n\t\t\t\t<div class=\"elementor-widget-container\">\n\t\t\t\t\t<div class=\"elementor-image-box-wrapper\"><figure class=\"elementor-image-box-img\"><img decoding=\"async\" width=\"300\" height=\"150\" src=\"https:\/\/suryaayurveda.hu\/wp-content\/uploads\/2024\/05\/wepik-202405160922436vum.png\" class=\"attachment-full size-full wp-image-4998\" alt=\"\" \/><\/figure><div class=\"elementor-image-box-content\"><p class=\"elementor-image-box-description\">at our salons \u2013 in person<\/p><\/div><\/div>\t\t\t\t<\/div>\n\t\t\t\t<\/div>\n\t\t\t\t<div class=\"elementor-element elementor-element-cf78c0f elementor-position-left elementor-position-left elementor-vertical-align-top elementor-vertical-align-top elementor-widget elementor-widget-image-box\" data-id=\"cf78c0f\" data-element_type=\"widget\" data-e-type=\"widget\" data-widget_type=\"image-box.default\">\n\t\t\t\t<div class=\"elementor-widget-container\">\n\t\t\t\t\t<div class=\"elementor-image-box-wrapper\"><figure class=\"elementor-image-box-img\"><img decoding=\"async\" width=\"300\" height=\"150\" src=\"https:\/\/suryaayurveda.hu\/wp-content\/uploads\/2024\/05\/wepik-202405160922436vum.png\" class=\"attachment-full size-full wp-image-4998\" alt=\"\" \/><\/figure><div class=\"elementor-image-box-content\"><p class=\"elementor-image-box-description\">Via mail<\/p><\/div><\/div>\t\t\t\t<\/div>\n\t\t\t\t<\/div>\n\t\t\t\t<div class=\"elementor-element elementor-element-fc0d86c elementor-position-left elementor-position-left elementor-vertical-align-top elementor-vertical-align-top elementor-widget elementor-widget-image-box\" data-id=\"fc0d86c\" data-element_type=\"widget\" data-e-type=\"widget\" data-widget_type=\"image-box.default\">\n\t\t\t\t<div class=\"elementor-widget-container\">\n\t\t\t\t\t<div class=\"elementor-image-box-wrapper\"><figure class=\"elementor-image-box-img\"><img decoding=\"async\" width=\"300\" height=\"150\" src=\"https:\/\/suryaayurveda.hu\/wp-content\/uploads\/2024\/05\/wepik-202405160922436vum.png\" class=\"attachment-full size-full wp-image-4998\" alt=\"\" \/><\/figure><div class=\"elementor-image-box-content\"><p class=\"elementor-image-box-description\">Online via email<\/p><\/div><\/div>\t\t\t\t<\/div>\n\t\t\t\t<\/div>\n\t\t\t\t<div class=\"elementor-element elementor-element-c3b811e elementor-position-left elementor-position-left elementor-vertical-align-top elementor-vertical-align-top elementor-widget elementor-widget-image-box\" data-id=\"c3b811e\" data-element_type=\"widget\" data-e-type=\"widget\" data-widget_type=\"image-box.default\">\n\t\t\t\t<div class=\"elementor-widget-container\">\n\t\t\t\t\t<div class=\"elementor-image-box-wrapper\"><figure class=\"elementor-image-box-img\"><img decoding=\"async\" width=\"300\" height=\"150\" src=\"https:\/\/suryaayurveda.hu\/wp-content\/uploads\/2024\/05\/wepik-202405160922436vum.png\" class=\"attachment-full size-full wp-image-4998\" alt=\"\" \/><\/figure><div class=\"elementor-image-box-content\"><p class=\"elementor-image-box-description\">Or by contacting us through the Contact page<\/p><\/div><\/div>\t\t\t\t<\/div>\n\t\t\t\t<\/div>\n\t\t\t\t<div class=\"elementor-element elementor-element-e0409fb animated-slow elementor-align-center elementor-invisible elementor-widget elementor-widget-button\" data-id=\"e0409fb\" data-element_type=\"widget\" data-e-type=\"widget\" data-settings=\"{&quot;_animation&quot;:&quot;rubberBand&quot;,&quot;_animation_delay&quot;:15}\" data-widget_type=\"button.default\">\n\t\t\t\t<div class=\"elementor-widget-container\">\n\t\t\t\t\t\t\t\t\t<div class=\"elementor-button-wrapper\">\n\t\t\t\t\t<a class=\"elementor-button elementor-button-link elementor-size-sm\" href=\"https:\/\/suryaayurveda.hu\/en\/contact\/\">\n\t\t\t\t\t\t<span class=\"elementor-button-content-wrapper\">\n\t\t\t\t\t\t\t\t\t<span class=\"elementor-button-text\">Purchase a gift voucher<\/span>\n\t\t\t\t\t<\/span>\n\t\t\t\t\t<\/a>\n\t\t\t\t<\/div>\n\t\t\t\t\t\t\t\t<\/div>\n\t\t\t\t<\/div>\n\t\t\t\t<\/div>\n\t\t\t\t\t<\/div>\n\t\t\t\t<\/div>\n\t\t<div class=\"elementor-element elementor-element-41e6f8c elementor-hidden-desktop elementor-hidden-laptop e-flex e-con-boxed e-con e-parent\" data-id=\"41e6f8c\" data-element_type=\"container\" data-e-type=\"container\" data-settings=\"{&quot;background_background&quot;:&quot;classic&quot;}\">\n\t\t\t\t\t<div class=\"e-con-inner\">\n\t\t<div class=\"elementor-element elementor-element-9d56763 e-con-full e-flex e-con e-child\" data-id=\"9d56763\" data-element_type=\"container\" data-e-type=\"container\">\n\t\t<div class=\"elementor-element elementor-element-e5dd767 e-con-full e-flex e-con e-child\" data-id=\"e5dd767\" data-element_type=\"container\" data-e-type=\"container\">\n\t\t\t\t<div class=\"elementor-element elementor-element-7ae4f40 elementor-widget elementor-widget-heading\" data-id=\"7ae4f40\" data-element_type=\"widget\" data-e-type=\"widget\" data-widget_type=\"heading.default\">\n\t\t\t\t<div class=\"elementor-widget-container\">\n\t\t\t\t\t<h2 class=\"elementor-heading-title elementor-size-default\">Give the Gift of Health\n<\/h2>\t\t\t\t<\/div>\n\t\t\t\t<\/div>\n\t\t\t\t<div class=\"elementor-element elementor-element-cf87b0a elementor-widget elementor-widget-text-editor\" data-id=\"cf87b0a\" data-element_type=\"widget\" data-e-type=\"widget\" data-widget_type=\"text-editor.default\">\n\t\t\t\t<div class=\"elementor-widget-container\">\n\t\t\t\t\t\t\t\t\t<p>With a Surya Ayurveda Gift Voucher, you can offer your loved ones a unique and heartfelt experience \u2014 helping them relax, restore their health, and find balance in their lives.<\/p>\t\t\t\t\t\t\t\t<\/div>\n\t\t\t\t<\/div>\n\t\t\t\t<div class=\"elementor-element elementor-element-e5ebd4a elementor-widget elementor-widget-text-editor\" data-id=\"e5ebd4a\" data-element_type=\"widget\" data-e-type=\"widget\" data-widget_type=\"text-editor.default\">\n\t\t\t\t<div class=\"elementor-widget-container\">\n\t\t\t\t\t\t\t\t\t<p>Gift voucher can be purchased:<\/p>\t\t\t\t\t\t\t\t<\/div>\n\t\t\t\t<\/div>\n\t\t\t\t<div class=\"elementor-element elementor-element-ebf4bf8 elementor-position-left elementor-position-left elementor-vertical-align-top elementor-vertical-align-top elementor-widget elementor-widget-image-box\" data-id=\"ebf4bf8\" data-element_type=\"widget\" data-e-type=\"widget\" data-widget_type=\"image-box.default\">\n\t\t\t\t<div class=\"elementor-widget-container\">\n\t\t\t\t\t<div class=\"elementor-image-box-wrapper\"><figure class=\"elementor-image-box-img\"><img decoding=\"async\" width=\"300\" height=\"150\" src=\"https:\/\/suryaayurveda.hu\/wp-content\/uploads\/2024\/05\/wepik-202405160922436vum.png\" class=\"attachment-full size-full wp-image-4998\" alt=\"\" \/><\/figure><div class=\"elementor-image-box-content\"><p class=\"elementor-image-box-description\">at our salons \u2013 in person<\/p><\/div><\/div>\t\t\t\t<\/div>\n\t\t\t\t<\/div>\n\t\t\t\t<div class=\"elementor-element elementor-element-159d3a3 elementor-position-left elementor-position-left elementor-vertical-align-top elementor-vertical-align-top elementor-widget elementor-widget-image-box\" data-id=\"159d3a3\" data-element_type=\"widget\" data-e-type=\"widget\" data-widget_type=\"image-box.default\">\n\t\t\t\t<div class=\"elementor-widget-container\">\n\t\t\t\t\t<div class=\"elementor-image-box-wrapper\"><figure class=\"elementor-image-box-img\"><img decoding=\"async\" width=\"300\" height=\"150\" src=\"https:\/\/suryaayurveda.hu\/wp-content\/uploads\/2024\/05\/wepik-202405160922436vum.png\" class=\"attachment-full size-full wp-image-4998\" alt=\"\" \/><\/figure><div class=\"elementor-image-box-content\"><p class=\"elementor-image-box-description\">Via mail<\/p><\/div><\/div>\t\t\t\t<\/div>\n\t\t\t\t<\/div>\n\t\t\t\t<div class=\"elementor-element elementor-element-fc11240 elementor-position-left elementor-position-left elementor-vertical-align-top elementor-vertical-align-top elementor-widget elementor-widget-image-box\" data-id=\"fc11240\" data-element_type=\"widget\" data-e-type=\"widget\" data-widget_type=\"image-box.default\">\n\t\t\t\t<div class=\"elementor-widget-container\">\n\t\t\t\t\t<div class=\"elementor-image-box-wrapper\"><figure class=\"elementor-image-box-img\"><img decoding=\"async\" width=\"300\" height=\"150\" src=\"https:\/\/suryaayurveda.hu\/wp-content\/uploads\/2024\/05\/wepik-202405160922436vum.png\" class=\"attachment-full size-full wp-image-4998\" alt=\"\" \/><\/figure><div class=\"elementor-image-box-content\"><p class=\"elementor-image-box-description\">Online via email<\/p><\/div><\/div>\t\t\t\t<\/div>\n\t\t\t\t<\/div>\n\t\t\t\t<div class=\"elementor-element elementor-element-c4be745 elementor-position-left elementor-position-left elementor-vertical-align-top elementor-vertical-align-top elementor-widget elementor-widget-image-box\" data-id=\"c4be745\" data-element_type=\"widget\" data-e-type=\"widget\" data-widget_type=\"image-box.default\">\n\t\t\t\t<div class=\"elementor-widget-container\">\n\t\t\t\t\t<div class=\"elementor-image-box-wrapper\"><figure class=\"elementor-image-box-img\"><img decoding=\"async\" width=\"300\" height=\"150\" src=\"https:\/\/suryaayurveda.hu\/wp-content\/uploads\/2024\/05\/wepik-202405160922436vum.png\" class=\"attachment-full size-full wp-image-4998\" alt=\"\" \/><\/figure><div class=\"elementor-image-box-content\"><p class=\"elementor-image-box-description\">Or by contacting us through the Contact page<\/p><\/div><\/div>\t\t\t\t<\/div>\n\t\t\t\t<\/div>\n\t\t\t\t<div class=\"elementor-element elementor-element-6a784ca animated-slow elementor-align-center elementor-invisible elementor-widget elementor-widget-button\" data-id=\"6a784ca\" data-element_type=\"widget\" data-e-type=\"widget\" data-settings=\"{&quot;_animation&quot;:&quot;rubberBand&quot;,&quot;_animation_delay&quot;:15}\" data-widget_type=\"button.default\">\n\t\t\t\t<div class=\"elementor-widget-container\">\n\t\t\t\t\t\t\t\t\t<div class=\"elementor-button-wrapper\">\n\t\t\t\t\t<a class=\"elementor-button elementor-button-link elementor-size-sm\" href=\"https:\/\/suryaayurveda.hu\/en\/contact\/\">\n\t\t\t\t\t\t<span class=\"elementor-button-content-wrapper\">\n\t\t\t\t\t\t\t\t\t<span class=\"elementor-button-text\">Purchase a gift voucher<\/span>\n\t\t\t\t\t<\/span>\n\t\t\t\t\t<\/a>\n\t\t\t\t<\/div>\n\t\t\t\t\t\t\t\t<\/div>\n\t\t\t\t<\/div>\n\t\t\t\t<\/div>\n\t\t\t\t<\/div>\n\t\t<div class=\"elementor-element elementor-element-6d59d98 e-con-full e-flex e-con e-child\" data-id=\"6d59d98\" data-element_type=\"container\" data-e-type=\"container\">\n\t\t\t\t<div class=\"elementor-element elementor-element-a42af14 elementor-widget elementor-widget-image\" data-id=\"a42af14\" data-element_type=\"widget\" data-e-type=\"widget\" data-widget_type=\"image.default\">\n\t\t\t\t<div class=\"elementor-widget-container\">\n\t\t\t\t\t\t\t\t\t\t\t\t\t\t\t<img decoding=\"async\" width=\"1080\" height=\"720\" src=\"https:\/\/suryaayurveda.hu\/wp-content\/uploads\/2024\/11\/Surya-Ayurveda-Ajandekutalvany-ayurvedikus-masszazs-kezeles-1.jpg\" class=\"attachment-full size-full wp-image-5017\" alt=\"Surya Ayurveda Gift Voucher\" srcset=\"https:\/\/suryaayurveda.hu\/wp-content\/uploads\/2024\/11\/Surya-Ayurveda-Ajandekutalvany-ayurvedikus-masszazs-kezeles-1.jpg 1080w, https:\/\/suryaayurveda.hu\/wp-content\/uploads\/2024\/11\/Surya-Ayurveda-Ajandekutalvany-ayurvedikus-masszazs-kezeles-1-700x467.jpg 700w, https:\/\/suryaayurveda.hu\/wp-content\/uploads\/2024\/11\/Surya-Ayurveda-Ajandekutalvany-ayurvedikus-masszazs-kezeles-1-1024x683.jpg 1024w, https:\/\/suryaayurveda.hu\/wp-content\/uploads\/2024\/11\/Surya-Ayurveda-Ajandekutalvany-ayurvedikus-masszazs-kezeles-1-768x512.jpg 768w\" sizes=\"(max-width: 1080px) 100vw, 1080px\" \/>\t\t\t\t\t\t\t\t\t\t\t\t\t\t\t<\/div>\n\t\t\t\t<\/div>\n\t\t\t\t<\/div>\n\t\t\t\t\t<\/div>\n\t\t\t\t<\/div>\n\t\t\t\t<\/div>\n\t\t","protected":false},"excerpt":{"rendered":"<p>Keshyabhyanga \u2013 Ayurvedic Head Spa \u2013 Traditional Ayurvedic Hair and Scalp Therapy<br \/>Keshyabhyanga is more than simple pampering: it is ancient Indian wisdom\u2019s answer to modern challenges such as stress, hair loss, and mental fatigue. During the ritual, the scalp, hair, and nervous system receive deep, holistic nourishment at the same time. <\/p>\n","protected":false},"author":3,"featured_media":0,"parent":0,"menu_order":0,"comment_status":"closed","ping_status":"closed","template":"","meta":{"footnotes":""},"class_list":["post-6494","page","type-page","status-publish","hentry"],"_links":{"self":[{"href":"https:\/\/suryaayurveda.hu\/en\/wp-json\/wp\/v2\/pages\/6494","targetHints":{"allow":["GET"]}}],"collection":[{"href":"https:\/\/suryaayurveda.hu\/en\/wp-json\/wp\/v2\/pages"}],"about":[{"href":"https:\/\/suryaayurveda.hu\/en\/wp-json\/wp\/v2\/types\/page"}],"author":[{"embeddable":true,"href":"https:\/\/suryaayurveda.hu\/en\/wp-json\/wp\/v2\/users\/3"}],"replies":[{"embeddable":true,"href":"https:\/\/suryaayurveda.hu\/en\/wp-json\/wp\/v2\/comments?post=6494"}],"version-history":[{"count":0,"href":"https:\/\/suryaayurveda.hu\/en\/wp-json\/wp\/v2\/pages\/6494\/revisions"}],"wp:attachment":[{"href":"https:\/\/suryaayurveda.hu\/en\/wp-json\/wp\/v2\/media?parent=6494"}],"curies":[{"name":"wp","href":"https:\/\/api.w.org\/{rel}","templated":true}]}}